{"id":62,"date":"2016-12-08T17:18:07","date_gmt":"2016-12-08T15:18:07","guid":{"rendered":"http:\/\/www.vdplaettli.com\/?page_id=62"},"modified":"2024-12-29T15:50:41","modified_gmt":"2024-12-29T13:50:41","slug":"ueber-uns","status":"publish","type":"page","link":"https:\/\/www.vdplaettli.com\/?page_id=62","title":{"rendered":"\u00dcber uns"},"content":{"rendered":"<p><strong>ALS FAMILIEN-KMU GEHEN WIR UNSEREN WEG.<\/strong><br \/>\n<strong> DARAUF SIND WIR STOLZ \u2013 SEIT 1948<\/strong><br \/>\nDie von D\u00e4niken Pl\u00e4ttli AG ist ein Familienbetrieb in dem Berufsstolz, Qualit\u00e4t und pers\u00f6nliche Fachberatung seit mehr als 60 Jahren als oberste Maxime betrachtet werden.<\/p>\n<p><a href=\"https:\/\/www.vdplaettli.com\/wp-content\/uploads\/2018\/01\/GL_Web.jpg\"><img loading=\"lazy\" decoding=\"async\" class=\"alignnone size-medium wp-image-111\" src=\"https:\/\/www.vdplaettli.com\/wp-content\/uploads\/2018\/01\/GL_Web-300x175.jpg\" alt=\"\" width=\"300\" height=\"175\" srcset=\"https:\/\/www.vdplaettli.com\/wp-content\/uploads\/2018\/01\/GL_Web-300x175.jpg 300w, https:\/\/www.vdplaettli.com\/wp-content\/uploads\/2018\/01\/GL_Web-768x448.jpg 768w, https:\/\/www.vdplaettli.com\/wp-content\/uploads\/2018\/01\/GL_Web-1024x597.jpg 1024w, https:\/\/www.vdplaettli.com\/wp-content\/uploads\/2018\/01\/GL_Web.jpg 1500w\" sizes=\"auto, (max-width: 300px) 100vw, 300px\" \/><\/a><\/p>\n<p>Lernen Sie uns kennen und profitieren Sie von unserer langj\u00e4hrigen Erfahrung und unserer Leidenschaft f\u00fcr \u201cPl\u00e4ttli\u201c<\/p>\n<p>Mit einem leistungsf\u00e4higen Team bestehend aus \u00fcber zehn Mitarbeiterinnen und Mitarbeitern sind wir auch f\u00fcr Grossobjekte ger\u00fcstet.<\/p>\n<p><a href=\"https:\/\/www.vdplaettli.com\/wp-content\/uploads\/2024\/12\/vdp_gruppenbild.jpg\"><img loading=\"lazy\" decoding=\"async\" class=\"alignnone wp-image-193 \" src=\"https:\/\/www.vdplaettli.com\/wp-content\/uploads\/2024\/12\/vdp_gruppenbild-300x198.jpg\" alt=\"\" width=\"568\" height=\"375\" srcset=\"https:\/\/www.vdplaettli.com\/wp-content\/uploads\/2024\/12\/vdp_gruppenbild-300x198.jpg 300w, https:\/\/www.vdplaettli.com\/wp-content\/uploads\/2024\/12\/vdp_gruppenbild-1024x674.jpg 1024w, https:\/\/www.vdplaettli.com\/wp-content\/uploads\/2024\/12\/vdp_gruppenbild-768x506.jpg 768w, https:\/\/www.vdplaettli.com\/wp-content\/uploads\/2024\/12\/vdp_gruppenbild.jpg 1500w\" sizes=\"auto, (max-width: 568px) 100vw, 568px\" \/><\/a><br \/>\nDurch die konstante Weiterbildung unserer Mitarbeiter wird das fachspezifische Knowhow laufend und in regelm\u00e4ssigen Abst\u00e4nden ausgebaut.<\/p>\n","protected":false},"excerpt":{"rendered":"<p>ALS FAMILIEN-KMU GEHEN WIR UNSEREN WEG. DARAUF SIND WIR STOLZ \u2013 SEIT 1948 Die von D\u00e4niken Pl\u00e4ttli AG ist ein Familienbetrieb in dem Berufsstolz, Qualit\u00e4t und pers\u00f6nliche Fachberatung seit mehr als 60 Jahren als oberste Maxime betrachtet werden. Lernen Sie uns kennen und profitieren Sie von unserer langj\u00e4hrigen Erfahrung und unserer Leidenschaft f\u00fcr \u201cPl\u00e4ttli\u201c Mit &hellip; <\/p>\n<p class=\"link-more\"><a href=\"https:\/\/www.vdplaettli.com\/?page_id=62\" class=\"more-link\"><span class=\"screen-reader-text\">\u201e\u00dcber uns\u201c<\/span> weiterlesen<\/a><\/p>\n","protected":false},"author":1,"featured_media":0,"parent":0,"menu_order":0,"comment_status":"closed","ping_status":"closed","template":"","meta":{"inline_featured_image":false,"footnotes":""},"class_list":["post-62","page","type-page","status-publish","hentry"],"_links":{"self":[{"href":"https:\/\/www.vdplaettli.com\/index.php?rest_route=\/wp\/v2\/pages\/62","targetHints":{"allow":["GET"]}}],"collection":[{"href":"https:\/\/www.vdplaettli.com\/index.php?rest_route=\/wp\/v2\/pages"}],"about":[{"href":"https:\/\/www.vdplaettli.com\/index.php?rest_route=\/wp\/v2\/types\/page"}],"author":[{"embeddable":true,"href":"https:\/\/www.vdplaettli.com\/index.php?rest_route=\/wp\/v2\/users\/1"}],"replies":[{"embeddable":true,"href":"https:\/\/www.vdplaettli.com\/index.php?rest_route=%2Fwp%2Fv2%2Fcomments&post=62"}],"version-history":[{"count":10,"href":"https:\/\/www.vdplaettli.com\/index.php?rest_route=\/wp\/v2\/pages\/62\/revisions"}],"predecessor-version":[{"id":195,"href":"https:\/\/www.vdplaettli.com\/index.php?rest_route=\/wp\/v2\/pages\/62\/revisions\/195"}],"wp:attachment":[{"href":"https:\/\/www.vdplaettli.com\/index.php?rest_route=%2Fwp%2Fv2%2Fmedia&parent=62"}],"curies":[{"name":"wp","href":"https:\/\/api.w.org\/{rel}","templated":true}]}}