{"id":152,"date":"2019-01-14T15:02:50","date_gmt":"2019-01-14T13:02:50","guid":{"rendered":"http:\/\/www.vdplaettli.com\/?page_id=152"},"modified":"2019-01-14T19:02:54","modified_gmt":"2019-01-14T17:02:54","slug":"datenschutzerklaerung","status":"publish","type":"page","link":"https:\/\/www.vdplaettli.com\/?page_id=152","title":{"rendered":"Datenschutzerkl\u00e4rung"},"content":{"rendered":"\n<p>Wir freuen uns \u00fcber Ihr Interesse an unserer Webseite (<a href=\"https:\/\/www.vdplaettli.com\">www.vdplaettli.com<\/a>). <br>Der Schutz Ihrer Privatsph\u00e4re ist f\u00fcr uns sehr wichtig,  daher verarbeiten wir Daten immer in \u00dcbereinstimmung mit dem schweizerischen Bundesgesetz \u00fcber den Datenschutz (DSG).<br><br>Nachstehend informieren wir Sie ausf\u00fchrlich \u00fcber den Umgang mit Ihren Daten.  <\/p>\n\n\n\n<h3 class=\"wp-block-heading\">Welche personenbezogenen Daten wir sammeln und warum wir sie sammeln<\/h3>\n\n\n\n<h3 class=\"wp-block-heading\">Kommentare<\/h3>\n\n\n\n<p>Wenn Besucher Kommentare auf der Website schreiben, sammeln wir die Daten, die im Kommentar-Formular angezeigt werden, au\u00dferdem die IP-Adresse des Besuchers und den User-Agent-String (damit wird der Browser identifiziert), um die Erkennung von Spam zu unterst\u00fctzen.<\/p>\n\n\n\n<h3 class=\"wp-block-heading\">Medien<\/h3>\n\n\n\n<p>Wenn du ein registrierter Benutzer bist und Fotos auf diese Website l\u00e4dst, solltest du vermeiden, Fotos mit einem EXIF-GPS-Standort hochzuladen. Besucher dieser Website k\u00f6nnten Fotos, die auf dieser Website gespeichert sind, herunterladen und deren Standort-Informationen extrahieren.<\/p>\n\n\n\n<h3 class=\"wp-block-heading\">Cookies<\/h3>\n\n\n\n<p>Sie k\u00f6nnen die Verwendung von Cookies von unserer Webseite und\/oder Drittanbietern jederzeit in Ihren Browsereinstellungen deaktivieren oder individuell erlauben\/blockieren. Unter dem folgenden Link wird detailliert beschrieben, wie Sie Cookies in Ihrem Browser deaktivieren k\u00f6nnen: <a href=\"https:\/\/de.wikihow.com\/Cookies-deaktivieren\">https:\/\/de.wikihow.com\/Cookies-deaktivieren<\/a>.  Beachten Sie bitte, dass die Deaktivierung von Cookies dazu f\u00fchren kann, dass Sie gewisse Funktionen unserer (und anderer) Seiten nicht mehr in gleichem Masse verwenden k\u00f6nnen.<\/p>\n\n\n\n<h3 class=\"wp-block-heading\">Eingebettete Inhalte von anderen Websites<\/h3>\n\n\n\n<p>Beitr\u00e4ge auf dieser Website k\u00f6nnen eingebettete Inhalte beinhalten (z.&nbsp;B. Videos, Bilder, Beitr\u00e4ge etc.). Eingebettete Inhalte von anderen Websites verhalten sich exakt so, als ob der Besucher die andere Website besucht h\u00e4tte.<\/p>\n\n\n\n<p>Diese Websites k\u00f6nnen Daten \u00fcber dich sammeln, Cookies benutzen, zus\u00e4tzliche Tracking-Dienste von Dritten einbetten und deine Interaktion mit diesem eingebetteten Inhalt aufzeichnen, inklusive deiner Interaktion mit dem eingebetteten Inhalt, falls du ein Konto hast und auf dieser Website angemeldet bist.<\/p>\n\n\n\n<h3 class=\"wp-block-heading\">Google Web Fonts<\/h3>\n\n\n\n<p>Zur durchg\u00e4ngigen und korrekten Darstellung von Schriften auf unserer Webseite verwenden wir Google Web Fonts. Beim Laden unserer Webseite werden die entsprechenden Schriften in Ihren Browsercache geladen. Die Verwendung der Web Fonts gr\u00fcndet auf einem berechtigten Interesse (Durchg\u00e4ngig einheitliche, fehlerfreie und ansprechende Darstellung aller Texte und Schriften) gem\u00e4ss Art. 6 Abs. 1 lit. f DSGVO.<\/p>\n\n\n\n<p>Zur Darstellung von Web Fonts stellt Ihr Browser eine Verbindung zu Google Servern her. Google wird dadurch in Kenntnis gesetzt, dass \u00fcber Ihre IP-Adresse unsere Webseite aufgerufen wurde. Mehr Informationen dazu, wie Google mit diesen Informationen umgeht, finden Sie unter <a href=\"https:\/\/developers.google.com\/fonts\/faq\">https:\/\/developers.google.com\/fonts\/faq<\/a> sowie in der Datenschutzerkl\u00e4rung von Google unter <a href=\"https:\/\/policies.google.com\/privacy\">https:\/\/policies.google.com\/privacy<\/a>.<\/p>\n\n\n\n<h3 class=\"wp-block-heading\">OpenStreetMap<\/h3>\n\n\n\n<p>An einigen Stellen auf dieser Webseite werden Inhalte Dritter, wie zum Beispiel Kartenmaterial von OpenStreetMap eingebunden. Das f\u00fchrt dazu, dass die Drittanbieter beim Laden der Webseite dar\u00fcber Kenntnis erlangen, dass \u00fcber Ihre IP-Adresse unsere Webseite aufgerufen wurde. Die Einbindung von Inhalten und Diensten Dritter erfolgt nur in Ausnahmef\u00e4llen und stets auf Grundlage berechtigter Interessen zur Verbesserung der Nutzererfahrung auf unserer Webseite.<\/p>\n\n\n\n<h3 class=\"wp-block-heading\">Wie lange wir deine Daten speichern<\/h3>\n\n\n\n<p>Auf Grundlage unserer berechtigten Interessen (Sicherstellung des einwandfreien Betriebs der Webseite) im Sinne von Art. 6 Abs. 1 lit. f. DSGVO erheben wir Daten \u00fcber Zugriffe auf den Server, auf dem sich unsere Webseite befindet (sogenannte Serverlogfiles). In diesen Logfiles werden Informationen gespeichert wie der Name der abgerufenen Webseite, Datei, Datum und Uhrzeit des Abrufs, \u00fcbertragene Datenmenge, Meldung \u00fcber erfolgreichen Abruf, Browsertyp (inkl. Version), das Betriebssystem des Nutzers, Referrer URL (die zuvor besuchte Seite), IP-Adresse und der anfragende Provider. Logfile-Informationen werden aus Sicherheitsgr\u00fcnden (z.B. zur Aufkl\u00e4rung von Missbrauchs- oder Betrugshandlungen) erhoben und solange gespeichert, wie dies zu Beweiszwecken sinnvoll bzw. erforderlich ist.<\/p>\n\n\n\n<h3 class=\"wp-block-heading\">Wohin wir deine Daten senden<\/h3>\n\n\n\n<p>Besucher-Kommentare k\u00f6nnten von einem automatisierten Dienst zur Spam-Erkennung untersucht werden.<\/p>\n\n\n\n<p>Wir werden unter keinen Umst\u00e4nden pers\u00f6nliche Informationen an Drittanbieter weiterverkaufen<\/p>\n\n\n\n<h3 class=\"wp-block-heading\">Kommunikationsdaten<\/h3>\n\n\n\n<p>Als Nutzer haben Sie jederzeit das Recht auf Antrag unentgeltlich Auskunft zu erhalten \u00fcber die personenbezogenen Daten, die \u00fcber Sie gespeichert wurden. Zus\u00e4tzlich haben Sie das Recht auf Berichtigung unrichtiger Daten, Sperrung und L\u00f6schung Ihrer personenbezogenen Daten (soweit dem keine gesetzliche Aufbewahrungspflicht entgegensteht) und Widerspruch der k\u00fcnftigen Verarbeitung Ihrer personenbezogenen Daten entsprechend den gesetzlichen Vorgaben.<\/p>\n\n\n\n<p>Wenn Sie irgendwelche Fragen oder Anliegen zu unserer Datenschutzerkl\u00e4rung oder Ihren personenbezogenen Daten haben, k\u00f6nnen Sie dies mit einer E-Mail oder per Post an folgende Adresse tun:<\/p>\n\n\n\n<p><strong>von D\u00e4niken Pl\u00e4ttli AG<\/strong><br>Tellistrasse 35<br>5001 Aarau<\/p>\n\n\n\n<p><a href=\"mailto:info@vdplaettli.com\">info@vdplaettli.com<\/a><\/p>\n\n\n\n<p>Tel. : 062 822 71 71<br><\/p>\n\n\n\n<h3 class=\"wp-block-heading\">Wie wir diese Datenschutzerkl\u00e4rung \u00e4ndern k\u00f6nnen<\/h3>\n\n\n\n<p>Wir behalten uns das Recht vor, diese Datenschutzerkl\u00e4rung jederzeit zu \u00e4ndern. Es gilt die jeweils auf unserer Website ver\u00f6ffentlichte Fassung.<\/p>\n\n\n\n<p>Datenschutzerkl\u00e4rung von D\u00e4niken Pl\u00e4ttli AG, Januar 2019<\/p>\n","protected":false},"excerpt":{"rendered":"<p>Wir freuen uns \u00fcber Ihr Interesse an unserer Webseite (www.vdplaettli.com). Der Schutz Ihrer Privatsph\u00e4re ist f\u00fcr uns sehr wichtig, daher verarbeiten wir Daten immer in \u00dcbereinstimmung mit dem schweizerischen Bundesgesetz \u00fcber den Datenschutz (DSG). Nachstehend informieren wir Sie ausf\u00fchrlich \u00fcber den Umgang mit Ihren Daten. Welche personenbezogenen Daten wir sammeln und warum wir sie sammeln &hellip; <\/p>\n<p class=\"link-more\"><a href=\"https:\/\/www.vdplaettli.com\/?page_id=152\" class=\"more-link\"><span class=\"screen-reader-text\">\u201eDatenschutzerkl\u00e4rung\u201c<\/span> weiterlesen<\/a><\/p>\n","protected":false},"author":1,"featured_media":0,"parent":0,"menu_order":0,"comment_status":"closed","ping_status":"closed","template":"","meta":{"inline_featured_image":false,"footnotes":""},"class_list":["post-152","page","type-page","status-publish","hentry"],"_links":{"self":[{"href":"https:\/\/www.vdplaettli.com\/index.php?rest_route=\/wp\/v2\/pages\/152","targetHints":{"allow":["GET"]}}],"collection":[{"href":"https:\/\/www.vdplaettli.com\/index.php?rest_route=\/wp\/v2\/pages"}],"about":[{"href":"https:\/\/www.vdplaettli.com\/index.php?rest_route=\/wp\/v2\/types\/page"}],"author":[{"embeddable":true,"href":"https:\/\/www.vdplaettli.com\/index.php?rest_route=\/wp\/v2\/users\/1"}],"replies":[{"embeddable":true,"href":"https:\/\/www.vdplaettli.com\/index.php?rest_route=%2Fwp%2Fv2%2Fcomments&post=152"}],"version-history":[{"count":13,"href":"https:\/\/www.vdplaettli.com\/index.php?rest_route=\/wp\/v2\/pages\/152\/revisions"}],"predecessor-version":[{"id":184,"href":"https:\/\/www.vdplaettli.com\/index.php?rest_route=\/wp\/v2\/pages\/152\/revisions\/184"}],"wp:attachment":[{"href":"https:\/\/www.vdplaettli.com\/index.php?rest_route=%2Fwp%2Fv2%2Fmedia&parent=152"}],"curies":[{"name":"wp","href":"https:\/\/api.w.org\/{rel}","templated":true}]}}