{"id":127,"date":"2018-01-31T00:40:10","date_gmt":"2018-01-30T22:40:10","guid":{"rendered":"http:\/\/www.vdplaettli.com\/?page_id=127"},"modified":"2024-12-29T15:57:41","modified_gmt":"2024-12-29T13:57:41","slug":"team","status":"publish","type":"page","link":"https:\/\/www.vdplaettli.com\/?page_id=127","title":{"rendered":"Kontakt"},"content":{"rendered":"<p><img loading=\"lazy\" decoding=\"async\" class=\"alignnone wp-image-196 size-medium\" src=\"https:\/\/www.vdplaettli.com\/wp-content\/uploads\/2024\/12\/arbnor-300x224.jpg\" alt=\"\" width=\"300\" height=\"224\" srcset=\"https:\/\/www.vdplaettli.com\/wp-content\/uploads\/2024\/12\/arbnor-300x224.jpg 300w, https:\/\/www.vdplaettli.com\/wp-content\/uploads\/2024\/12\/arbnor-1024x766.jpg 1024w, https:\/\/www.vdplaettli.com\/wp-content\/uploads\/2024\/12\/arbnor-768x574.jpg 768w, https:\/\/www.vdplaettli.com\/wp-content\/uploads\/2024\/12\/arbnor.jpg 1500w\" sizes=\"auto, (max-width: 300px) 100vw, 300px\" \/><br \/>\n<strong>Arbnor Prenkaj<\/strong><br \/>\nGesch\u00e4ftsf\u00fchrer<br \/>\nT.062 822 71 71<br \/>\n<a href=\"mailto:a.prenkaj@vdplaettli.com\">a.prenkaj@vdplaettli.com<\/a><\/p>\n<p><img loading=\"lazy\" decoding=\"async\" class=\"alignnone wp-image-116 size-medium\" src=\"https:\/\/www.vdplaettli.com\/wp-content\/uploads\/2018\/01\/Barbara_Br\u00fcllmann-e1517348866978-300x200.jpg\" alt=\"\" width=\"300\" height=\"200\" \/><br \/>\n<strong>Barbara Br\u00fcllmann<\/strong><br \/>\nSekretariat<br \/>\nT.062 822 71 71<br \/>\n<a href=\"mailto:b.bruellmann@vdplaettli.com\">b.bruellmann@vdplaettli.com<\/a><\/p>\n","protected":false},"excerpt":{"rendered":"<p>Arbnor Prenkaj Gesch\u00e4ftsf\u00fchrer T.062 822 71 71 a.prenkaj@vdplaettli.com Barbara Br\u00fcllmann Sekretariat T.062 822 71 71 b.bruellmann@vdplaettli.com<\/p>\n","protected":false},"author":1,"featured_media":0,"parent":0,"menu_order":0,"comment_status":"closed","ping_status":"closed","template":"","meta":{"inline_featured_image":false,"footnotes":""},"class_list":["post-127","page","type-page","status-publish","hentry"],"_links":{"self":[{"href":"https:\/\/www.vdplaettli.com\/index.php?rest_route=\/wp\/v2\/pages\/127","targetHints":{"allow":["GET"]}}],"collection":[{"href":"https:\/\/www.vdplaettli.com\/index.php?rest_route=\/wp\/v2\/pages"}],"about":[{"href":"https:\/\/www.vdplaettli.com\/index.php?rest_route=\/wp\/v2\/types\/page"}],"author":[{"embeddable":true,"href":"https:\/\/www.vdplaettli.com\/index.php?rest_route=\/wp\/v2\/users\/1"}],"replies":[{"embeddable":true,"href":"https:\/\/www.vdplaettli.com\/index.php?rest_route=%2Fwp%2Fv2%2Fcomments&post=127"}],"version-history":[{"count":16,"href":"https:\/\/www.vdplaettli.com\/index.php?rest_route=\/wp\/v2\/pages\/127\/revisions"}],"predecessor-version":[{"id":198,"href":"https:\/\/www.vdplaettli.com\/index.php?rest_route=\/wp\/v2\/pages\/127\/revisions\/198"}],"wp:attachment":[{"href":"https:\/\/www.vdplaettli.com\/index.php?rest_route=%2Fwp%2Fv2%2Fmedia&parent=127"}],"curies":[{"name":"wp","href":"https:\/\/api.w.org\/{rel}","templated":true}]}}